{"id":55,"date":"2022-05-18T10:47:25","date_gmt":"2022-05-18T08:47:25","guid":{"rendered":"https:\/\/www.stickmops-designs.de\/blog\/?page_id=55"},"modified":"2024-01-17T10:42:12","modified_gmt":"2024-01-17T09:42:12","slug":"blog","status":"publish","type":"page","link":"https:\/\/www.stickmops-designs.de\/blog\/","title":{"rendered":"Der Stickmops bloggt&#8230;"},"content":{"rendered":"\n<figure class=\"wp-block-image size-large\"><img loading=\"lazy\" decoding=\"async\" width=\"1024\" height=\"469\" src=\"https:\/\/www.stickmops-designs.de\/blog\/wp-content\/uploads\/2022\/07\/konen1-1024x469.jpg\" alt=\"Madeira Frosted Matt\" class=\"wp-image-155\" srcset=\"https:\/\/www.stickmops-designs.de\/blog\/wp-content\/uploads\/2022\/07\/konen1-1024x469.jpg 1024w, https:\/\/www.stickmops-designs.de\/blog\/wp-content\/uploads\/2022\/07\/konen1-800x366.jpg 800w, https:\/\/www.stickmops-designs.de\/blog\/wp-content\/uploads\/2022\/07\/konen1-400x183.jpg 400w, https:\/\/www.stickmops-designs.de\/blog\/wp-content\/uploads\/2022\/07\/konen1-768x352.jpg 768w, https:\/\/www.stickmops-designs.de\/blog\/wp-content\/uploads\/2022\/07\/konen1-1536x703.jpg 1536w, https:\/\/www.stickmops-designs.de\/blog\/wp-content\/uploads\/2022\/07\/konen1-2048x938.jpg 2048w\" sizes=\"auto, (max-width: 1024px) 100vw, 1024px\" \/><\/figure>\n\n\n\n<p><\/p>\n\n\n\n<p style=\"font-size:16px\">Hallo! In diesem Blog erf\u00e4hrst Du alles \u00fcber das Maschinensticken mit zahlreichen Tipps und Tricks. Es ist egal, welche Maschine du benutzt, die Grundlagen sind f\u00fcr alle wichtig. Au\u00dferdem gibt&#8217;s hier tolle Freebies und gratis Anleitungen zu allen m\u00f6glichen Projekten (z.B. ITH &#8211; in the hoop). <\/p>\n\n\n\n<p><\/p>\n\n\n\n<h2 class=\"wp-block-heading has-medium-font-size\" style=\"font-style:normal;font-weight:700\">Du kennst uns noch nicht? Na dann erz\u00e4hle ich dir ein bisschen \u00fcber uns&#8230;<\/h2>\n\n\n\n<p style=\"font-size:16px\">Wir sind Beatrice und Michael und kommen aus Dreieich bei Frankfurt\/Main. Beruflich kommen wir urspr\u00fcnglich aus einer ganz anderen Ecke: Ich bin Ergotherapeutin und Michael ist Notfallsanit\u00e4ter. Wir beide waren schon immer kreativ, haben viel gemalt und haben andere verschiedene Projekte in unserer Freizeit ausprobiert wie z.B. das Goldschmieden. Gen\u00e4ht habe ich schon seit meiner fr\u00fchesten Kindheit, denn meine Gro\u00dfm\u00fctter waren beide Schneiderinnen.<\/p>\n\n\n\n<p style=\"font-size:16px\">2010\/2011 haben wir die Maschinenstickerei auf einer Messe entdeckt und waren sofort fasziniert von diesen kleinen Maschinchen, die so wundersch\u00f6ne Motive auf den Stoff gezaubert hatten. Da haben wir uns bald entschieden, eine Stickmaschine zu kaufen. Erstmal wurde es eine gebrauchte Maschine, mit der wir nicht so lange gl\u00fccklich waren und da zog dann schon bald darauf eine Brother Innov-is V3 bei uns ein. 2016 folgte die erste Melco (Mehrnadelmaschine) und danach noch viele weitere. Im selben Jahr haben wir unser Hobby zum Beruf gemacht und fingen an, gewerblich zu sticken und zu digitalisieren. Wir haben uns im Laufe der Jahre mit vielen Softwares auseinandergesetzt, mit welchen man Stickdateien erstellen kann. Angefangen haben wir mit PE Design, dann folgte Embird und ab 2016 Melco Design Shop. Seit 2019 arbeiten wir haupts\u00e4chlich mit Wilcom e4.5 Designing.<\/p>\n\n\n\n<p style=\"font-size:16px\">Im Jahr 2017 er\u00f6ffneten wir unseren Stickdatei-Shop und die treue Fangemeinde w\u00e4chst!<\/p>\n\n\n\n<p style=\"font-size:16px\">Schau dich um in unserem Blog, probiere die Freebies (=kostenlose Stickdateien) aus und schau dir auch gerne die Anleitungen dazu an. Ich w\u00fcnsche dir ganz viel Spa\u00df beim Sticken!  Sch\u00f6n, dass du hier bist!<\/p>\n\n\n\n<p class=\"has-black-color has-text-color\" style=\"font-size:16px\">Dein Stickmops Beatrice<\/p>\n\n\n\n<p><\/p>\n","protected":false},"excerpt":{"rendered":"<p>Hallo! In diesem Blog erf\u00e4hrst Du alles \u00fcber das Maschinensticken mit zahlreichen Tipps und Tricks. Es ist egal, welche Maschine du benutzt, die Grundlagen sind f\u00fcr alle wichtig. Au\u00dferdem gibt&#8217;s hier tolle Freebies und gratis Anleitungen zu allen m\u00f6glichen Projekten (z.B. ITH &#8211; in the hoop). Du kennst uns noch nicht? Na dann erz\u00e4hle ich [&hellip;]<\/p>\n","protected":false},"author":1,"featured_media":0,"parent":0,"menu_order":0,"comment_status":"closed","ping_status":"closed","template":"","meta":{"footnotes":""},"class_list":["post-55","page","type-page","status-publish","hentry"],"yoast_head":"<!-- This site is optimized with the Yoast SEO plugin v27.5 - https:\/\/yoast.com\/product\/yoast-seo-wordpress\/ -->\n<title>Der Stickmops bloggt... - Maschinensticken und Freebies<\/title>\n<meta name=\"description\" content=\"Hier gibt&#039;s Freebies &amp; kostenlose Anleitungen und alles rund um das Thema Maschinensticken. Lerne, wie man ITH stickt! Leg los! \u2665\" \/>\n<meta name=\"robots\" content=\"index, follow, max-snippet:-1, max-image-preview:large, max-video-preview:-1\" \/>\n<link rel=\"canonical\" href=\"https:\/\/www.stickmops-designs.de\/blog\/\" \/>\n<meta property=\"og:locale\" content=\"de_DE\" \/>\n<meta property=\"og:type\" content=\"article\" \/>\n<meta property=\"og:title\" content=\"Der Stickmops bloggt... - Maschinensticken und Freebies\" \/>\n<meta property=\"og:description\" content=\"Hier gibt&#039;s Freebies &amp; kostenlose Anleitungen und alles rund um das Thema Maschinensticken. Lerne, wie man ITH stickt! Leg los! \u2665\" \/>\n<meta property=\"og:url\" content=\"https:\/\/www.stickmops-designs.de\/blog\/\" \/>\n<meta property=\"og:site_name\" content=\"Maschinensticken und Freebies\" \/>\n<meta property=\"article:publisher\" content=\"https:\/\/www.facebook.com\/StickmopsDesigns\/\" \/>\n<meta property=\"article:modified_time\" content=\"2024-01-17T09:42:12+00:00\" \/>\n<meta property=\"og:image\" content=\"https:\/\/www.stickmops-designs.de\/blog\/wp-content\/uploads\/2022\/07\/konen1-1024x469.jpg\" \/>\n<meta name=\"twitter:card\" content=\"summary_large_image\" \/>\n<meta name=\"twitter:label1\" content=\"Gesch\u00e4tzte Lesezeit\" \/>\n\t<meta name=\"twitter:data1\" content=\"2\u00a0Minuten\" \/>\n<script type=\"application\/ld+json\" class=\"yoast-schema-graph\">{\"@context\":\"https:\\\/\\\/schema.org\",\"@graph\":[{\"@type\":\"WebPage\",\"@id\":\"https:\\\/\\\/www.stickmops-designs.de\\\/blog\\\/\",\"url\":\"https:\\\/\\\/www.stickmops-designs.de\\\/blog\\\/\",\"name\":\"Der Stickmops bloggt... - Maschinensticken und Freebies\",\"isPartOf\":{\"@id\":\"https:\\\/\\\/www.stickmops-designs.de\\\/blog\\\/#website\"},\"primaryImageOfPage\":{\"@id\":\"https:\\\/\\\/www.stickmops-designs.de\\\/blog\\\/#primaryimage\"},\"image\":{\"@id\":\"https:\\\/\\\/www.stickmops-designs.de\\\/blog\\\/#primaryimage\"},\"thumbnailUrl\":\"https:\\\/\\\/www.stickmops-designs.de\\\/blog\\\/wp-content\\\/uploads\\\/2022\\\/07\\\/konen1-1024x469.jpg\",\"datePublished\":\"2022-05-18T08:47:25+00:00\",\"dateModified\":\"2024-01-17T09:42:12+00:00\",\"description\":\"Hier gibt's Freebies & kostenlose Anleitungen und alles rund um das Thema Maschinensticken. Lerne, wie man ITH stickt! Leg los! \u2665\",\"breadcrumb\":{\"@id\":\"https:\\\/\\\/www.stickmops-designs.de\\\/blog\\\/#breadcrumb\"},\"inLanguage\":\"de\",\"potentialAction\":[{\"@type\":\"ReadAction\",\"target\":[\"https:\\\/\\\/www.stickmops-designs.de\\\/blog\\\/\"]}]},{\"@type\":\"ImageObject\",\"inLanguage\":\"de\",\"@id\":\"https:\\\/\\\/www.stickmops-designs.de\\\/blog\\\/#primaryimage\",\"url\":\"https:\\\/\\\/www.stickmops-designs.de\\\/blog\\\/wp-content\\\/uploads\\\/2022\\\/07\\\/konen1-scaled.jpg\",\"contentUrl\":\"https:\\\/\\\/www.stickmops-designs.de\\\/blog\\\/wp-content\\\/uploads\\\/2022\\\/07\\\/konen1-scaled.jpg\",\"width\":2560,\"height\":1172},{\"@type\":\"BreadcrumbList\",\"@id\":\"https:\\\/\\\/www.stickmops-designs.de\\\/blog\\\/#breadcrumb\",\"itemListElement\":[{\"@type\":\"ListItem\",\"position\":1,\"name\":\"Startseite\",\"item\":\"https:\\\/\\\/www.stickmops-designs.de\\\/blog\\\/\"},{\"@type\":\"ListItem\",\"position\":2,\"name\":\"Der Stickmops bloggt&#8230;\"}]},{\"@type\":\"WebSite\",\"@id\":\"https:\\\/\\\/www.stickmops-designs.de\\\/blog\\\/#website\",\"url\":\"https:\\\/\\\/www.stickmops-designs.de\\\/blog\\\/\",\"name\":\"Maschinensticken und Freebies\",\"description\":\"Dein Blog rund um Maschinenstickerei und Freebies\",\"publisher\":{\"@id\":\"https:\\\/\\\/www.stickmops-designs.de\\\/blog\\\/#organization\"},\"potentialAction\":[{\"@type\":\"SearchAction\",\"target\":{\"@type\":\"EntryPoint\",\"urlTemplate\":\"https:\\\/\\\/www.stickmops-designs.de\\\/blog\\\/?s={search_term_string}\"},\"query-input\":{\"@type\":\"PropertyValueSpecification\",\"valueRequired\":true,\"valueName\":\"search_term_string\"}}],\"inLanguage\":\"de\"},{\"@type\":\"Organization\",\"@id\":\"https:\\\/\\\/www.stickmops-designs.de\\\/blog\\\/#organization\",\"name\":\"Stickmops-Designs\",\"url\":\"https:\\\/\\\/www.stickmops-designs.de\\\/blog\\\/\",\"logo\":{\"@type\":\"ImageObject\",\"inLanguage\":\"de\",\"@id\":\"https:\\\/\\\/www.stickmops-designs.de\\\/blog\\\/#\\\/schema\\\/logo\\\/image\\\/\",\"url\":\"https:\\\/\\\/www.stickmops-designs.de\\\/blog\\\/wp-content\\\/uploads\\\/2022\\\/05\\\/stickmopsdesignsblog.jpg\",\"contentUrl\":\"https:\\\/\\\/www.stickmops-designs.de\\\/blog\\\/wp-content\\\/uploads\\\/2022\\\/05\\\/stickmopsdesignsblog.jpg\",\"width\":800,\"height\":800,\"caption\":\"Stickmops-Designs\"},\"image\":{\"@id\":\"https:\\\/\\\/www.stickmops-designs.de\\\/blog\\\/#\\\/schema\\\/logo\\\/image\\\/\"},\"sameAs\":[\"https:\\\/\\\/www.facebook.com\\\/StickmopsDesigns\\\/\",\"https:\\\/\\\/www.instagram.com\\\/stickmopsdesigns\\\/\",\"https:\\\/\\\/www.pinterest.de\\\/stickmopsdesigns\\\/\"]}]}<\/script>\n<!-- \/ Yoast SEO plugin. -->","yoast_head_json":{"title":"Der Stickmops bloggt... - Maschinensticken und Freebies","description":"Hier gibt's Freebies & kostenlose Anleitungen und alles rund um das Thema Maschinensticken. Lerne, wie man ITH stickt! Leg los! \u2665","robots":{"index":"index","follow":"follow","max-snippet":"max-snippet:-1","max-image-preview":"max-image-preview:large","max-video-preview":"max-video-preview:-1"},"canonical":"https:\/\/www.stickmops-designs.de\/blog\/","og_locale":"de_DE","og_type":"article","og_title":"Der Stickmops bloggt... - Maschinensticken und Freebies","og_description":"Hier gibt's Freebies & kostenlose Anleitungen und alles rund um das Thema Maschinensticken. Lerne, wie man ITH stickt! Leg los! \u2665","og_url":"https:\/\/www.stickmops-designs.de\/blog\/","og_site_name":"Maschinensticken und Freebies","article_publisher":"https:\/\/www.facebook.com\/StickmopsDesigns\/","article_modified_time":"2024-01-17T09:42:12+00:00","og_image":[{"url":"https:\/\/www.stickmops-designs.de\/blog\/wp-content\/uploads\/2022\/07\/konen1-1024x469.jpg","type":"","width":"","height":""}],"twitter_card":"summary_large_image","twitter_misc":{"Gesch\u00e4tzte Lesezeit":"2\u00a0Minuten"},"schema":{"@context":"https:\/\/schema.org","@graph":[{"@type":"WebPage","@id":"https:\/\/www.stickmops-designs.de\/blog\/","url":"https:\/\/www.stickmops-designs.de\/blog\/","name":"Der Stickmops bloggt... - Maschinensticken und Freebies","isPartOf":{"@id":"https:\/\/www.stickmops-designs.de\/blog\/#website"},"primaryImageOfPage":{"@id":"https:\/\/www.stickmops-designs.de\/blog\/#primaryimage"},"image":{"@id":"https:\/\/www.stickmops-designs.de\/blog\/#primaryimage"},"thumbnailUrl":"https:\/\/www.stickmops-designs.de\/blog\/wp-content\/uploads\/2022\/07\/konen1-1024x469.jpg","datePublished":"2022-05-18T08:47:25+00:00","dateModified":"2024-01-17T09:42:12+00:00","description":"Hier gibt's Freebies & kostenlose Anleitungen und alles rund um das Thema Maschinensticken. Lerne, wie man ITH stickt! Leg los! \u2665","breadcrumb":{"@id":"https:\/\/www.stickmops-designs.de\/blog\/#breadcrumb"},"inLanguage":"de","potentialAction":[{"@type":"ReadAction","target":["https:\/\/www.stickmops-designs.de\/blog\/"]}]},{"@type":"ImageObject","inLanguage":"de","@id":"https:\/\/www.stickmops-designs.de\/blog\/#primaryimage","url":"https:\/\/www.stickmops-designs.de\/blog\/wp-content\/uploads\/2022\/07\/konen1-scaled.jpg","contentUrl":"https:\/\/www.stickmops-designs.de\/blog\/wp-content\/uploads\/2022\/07\/konen1-scaled.jpg","width":2560,"height":1172},{"@type":"BreadcrumbList","@id":"https:\/\/www.stickmops-designs.de\/blog\/#breadcrumb","itemListElement":[{"@type":"ListItem","position":1,"name":"Startseite","item":"https:\/\/www.stickmops-designs.de\/blog\/"},{"@type":"ListItem","position":2,"name":"Der Stickmops bloggt&#8230;"}]},{"@type":"WebSite","@id":"https:\/\/www.stickmops-designs.de\/blog\/#website","url":"https:\/\/www.stickmops-designs.de\/blog\/","name":"Maschinensticken und Freebies","description":"Dein Blog rund um Maschinenstickerei und Freebies","publisher":{"@id":"https:\/\/www.stickmops-designs.de\/blog\/#organization"},"potentialAction":[{"@type":"SearchAction","target":{"@type":"EntryPoint","urlTemplate":"https:\/\/www.stickmops-designs.de\/blog\/?s={search_term_string}"},"query-input":{"@type":"PropertyValueSpecification","valueRequired":true,"valueName":"search_term_string"}}],"inLanguage":"de"},{"@type":"Organization","@id":"https:\/\/www.stickmops-designs.de\/blog\/#organization","name":"Stickmops-Designs","url":"https:\/\/www.stickmops-designs.de\/blog\/","logo":{"@type":"ImageObject","inLanguage":"de","@id":"https:\/\/www.stickmops-designs.de\/blog\/#\/schema\/logo\/image\/","url":"https:\/\/www.stickmops-designs.de\/blog\/wp-content\/uploads\/2022\/05\/stickmopsdesignsblog.jpg","contentUrl":"https:\/\/www.stickmops-designs.de\/blog\/wp-content\/uploads\/2022\/05\/stickmopsdesignsblog.jpg","width":800,"height":800,"caption":"Stickmops-Designs"},"image":{"@id":"https:\/\/www.stickmops-designs.de\/blog\/#\/schema\/logo\/image\/"},"sameAs":["https:\/\/www.facebook.com\/StickmopsDesigns\/","https:\/\/www.instagram.com\/stickmopsdesigns\/","https:\/\/www.pinterest.de\/stickmopsdesigns\/"]}]}},"_links":{"self":[{"href":"https:\/\/www.stickmops-designs.de\/blog\/wp-json\/wp\/v2\/pages\/55","targetHints":{"allow":["GET"]}}],"collection":[{"href":"https:\/\/www.stickmops-designs.de\/blog\/wp-json\/wp\/v2\/pages"}],"about":[{"href":"https:\/\/www.stickmops-designs.de\/blog\/wp-json\/wp\/v2\/types\/page"}],"author":[{"embeddable":true,"href":"https:\/\/www.stickmops-designs.de\/blog\/wp-json\/wp\/v2\/users\/1"}],"replies":[{"embeddable":true,"href":"https:\/\/www.stickmops-designs.de\/blog\/wp-json\/wp\/v2\/comments?post=55"}],"version-history":[{"count":20,"href":"https:\/\/www.stickmops-designs.de\/blog\/wp-json\/wp\/v2\/pages\/55\/revisions"}],"predecessor-version":[{"id":682,"href":"https:\/\/www.stickmops-designs.de\/blog\/wp-json\/wp\/v2\/pages\/55\/revisions\/682"}],"wp:attachment":[{"href":"https:\/\/www.stickmops-designs.de\/blog\/wp-json\/wp\/v2\/media?parent=55"}],"curies":[{"name":"wp","href":"https:\/\/api.w.org\/{rel}","templated":true}]}}